{"id":7223,"date":"2022-11-13T22:45:14","date_gmt":"2022-11-13T21:45:14","guid":{"rendered":"https:\/\/oranka.com\/?page_id=7223"},"modified":"2024-11-22T13:41:39","modified_gmt":"2024-11-22T12:41:39","slug":"test-dp","status":"publish","type":"page","link":"https:\/\/oranka.com\/de\/test-dp\/","title":{"rendered":"Test DP"},"content":{"rendered":"\t\t<div data-elementor-type=\"wp-page\" data-elementor-id=\"7223\" class=\"elementor elementor-7223\" data-elementor-post-type=\"page\">\n\t\t\t\t\t\t<section class=\"elementor-section elementor-top-section elementor-element elementor-element-d15936f elementor-section-full_width elementor-section-height-default elementor-section-height-default\" data-id=\"d15936f\" data-element_type=\"section\" data-e-type=\"section\" data-settings=\"{&quot;background_background&quot;:&quot;gradient&quot;}\">\n\t\t\t\t\t\t<div class=\"elementor-container elementor-column-gap-default\">\n\t\t\t\t\t<div class=\"elementor-column elementor-col-100 elementor-top-column elementor-element elementor-element-711a2bc\" data-id=\"711a2bc\" data-element_type=\"column\" data-e-type=\"column\">\n\t\t\t<div class=\"elementor-widget-wrap\">\n\t\t\t\t\t\t\t<\/div>\n\t\t<\/div>\n\t\t\t\t\t<\/div>\n\t\t<\/section>\n\t\t\t\t<section class=\"elementor-section elementor-top-section elementor-element elementor-element-36ee554 elementor-section-boxed elementor-section-height-default elementor-section-height-default\" data-id=\"36ee554\" data-element_type=\"section\" data-e-type=\"section\">\n\t\t\t\t\t\t<div class=\"elementor-container elementor-column-gap-default\">\n\t\t\t\t\t<div class=\"elementor-column elementor-col-100 elementor-top-column elementor-element elementor-element-3b475c7\" data-id=\"3b475c7\" data-element_type=\"column\" data-e-type=\"column\">\n\t\t\t<div class=\"elementor-widget-wrap elementor-element-populated\">\n\t\t\t\t\t\t<div class=\"elementor-element elementor-element-f535ba0 elementor-widget elementor-widget-spacer\" data-id=\"f535ba0\" data-element_type=\"widget\" data-e-type=\"widget\" data-widget_type=\"spacer.default\">\n\t\t\t\t<div class=\"elementor-widget-container\">\n\t\t\t\t\t\t\t<div class=\"elementor-spacer\">\n\t\t\t<div class=\"elementor-spacer-inner\"><\/div>\n\t\t<\/div>\n\t\t\t\t\t\t<\/div>\n\t\t\t\t<\/div>\n\t\t\t\t<div class=\"elementor-element elementor-element-f9b652a elementor-widget elementor-widget-spacer\" data-id=\"f9b652a\" data-element_type=\"widget\" data-e-type=\"widget\" data-widget_type=\"spacer.default\">\n\t\t\t\t<div class=\"elementor-widget-container\">\n\t\t\t\t\t\t\t<div class=\"elementor-spacer\">\n\t\t\t<div class=\"elementor-spacer-inner\"><\/div>\n\t\t<\/div>\n\t\t\t\t\t\t<\/div>\n\t\t\t\t<\/div>\n\t\t\t\t\t<\/div>\n\t\t<\/div>\n\t\t\t\t\t<\/div>\n\t\t<\/section>\n\t\t\t\t<\/div>\n\t\t","protected":false},"excerpt":{"rendered":"","protected":false},"author":1,"featured_media":0,"parent":0,"menu_order":0,"comment_status":"closed","ping_status":"closed","template":"","meta":{"inline_featured_image":false,"footnotes":""},"class_list":["post-7223","page","type-page","status-publish","hentry"],"yoast_head":"<!-- This site is optimized with the Yoast SEO plugin v27.2 - https:\/\/yoast.com\/product\/yoast-seo-wordpress\/ -->\n<title>Test DP - ORANKA Fruchtgetr\u00e4nkekonzentrate<\/title>\n<meta name=\"robots\" content=\"index, follow, max-snippet:-1, max-image-preview:large, max-video-preview:-1\" \/>\n<link rel=\"canonical\" href=\"https:\/\/oranka.com\/de\/test-dp\/\" \/>\n<meta property=\"og:locale\" content=\"de_DE\" \/>\n<meta property=\"og:type\" content=\"article\" \/>\n<meta property=\"og:title\" content=\"Test DP - ORANKA Fruchtgetr\u00e4nkekonzentrate\" \/>\n<meta property=\"og:url\" content=\"https:\/\/oranka.com\/de\/test-dp\/\" \/>\n<meta property=\"og:site_name\" content=\"ORANKA Fruchtgetr\u00e4nkekonzentrate\" \/>\n<meta property=\"article:modified_time\" content=\"2024-11-22T12:41:39+00:00\" \/>\n<meta name=\"twitter:card\" content=\"summary_large_image\" \/>\n<script type=\"application\/ld+json\" class=\"yoast-schema-graph\">{\"@context\":\"https:\/\/schema.org\",\"@graph\":[{\"@type\":\"WebPage\",\"@id\":\"https:\/\/oranka.com\/test-dp\/\",\"url\":\"https:\/\/oranka.com\/test-dp\/\",\"name\":\"Test DP - ORANKA Fruchtgetr\u00e4nkekonzentrate\",\"isPartOf\":{\"@id\":\"https:\/\/oranka.com\/de\/#website\"},\"datePublished\":\"2022-11-13T21:45:14+00:00\",\"dateModified\":\"2024-11-22T12:41:39+00:00\",\"breadcrumb\":{\"@id\":\"https:\/\/oranka.com\/test-dp\/#breadcrumb\"},\"inLanguage\":\"de\",\"potentialAction\":[{\"@type\":\"ReadAction\",\"target\":[\"https:\/\/oranka.com\/test-dp\/\"]}]},{\"@type\":\"BreadcrumbList\",\"@id\":\"https:\/\/oranka.com\/test-dp\/#breadcrumb\",\"itemListElement\":[{\"@type\":\"ListItem\",\"position\":1,\"name\":\"Startseite\",\"item\":\"https:\/\/oranka.com\/de\/\"},{\"@type\":\"ListItem\",\"position\":2,\"name\":\"Test DP\"}]},{\"@type\":\"WebSite\",\"@id\":\"https:\/\/oranka.com\/de\/#website\",\"url\":\"https:\/\/oranka.com\/de\/\",\"name\":\"ORANKA Fruchtgetr\u00e4nkekonzentrate\",\"description\":\"Markenqualit\u00e4t im Getr\u00e4nkesystem\",\"publisher\":{\"@id\":\"https:\/\/oranka.com\/de\/#organization\"},\"potentialAction\":[{\"@type\":\"SearchAction\",\"target\":{\"@type\":\"EntryPoint\",\"urlTemplate\":\"https:\/\/oranka.com\/de\/?s={search_term_string}\"},\"query-input\":{\"@type\":\"PropertyValueSpecification\",\"valueRequired\":true,\"valueName\":\"search_term_string\"}}],\"inLanguage\":\"de\"},{\"@type\":\"Organization\",\"@id\":\"https:\/\/oranka.com\/de\/#organization\",\"name\":\"ORANKA Fruchtgetr\u00e4nkekonzentrate\",\"url\":\"https:\/\/oranka.com\/de\/\",\"logo\":{\"@type\":\"ImageObject\",\"inLanguage\":\"de\",\"@id\":\"https:\/\/oranka.com\/de\/#\/schema\/logo\/image\/\",\"url\":\"https:\/\/oranka.com\/wp-content\/uploads\/2025\/09\/ORANKA-Logo_2025-Korona.svg\",\"contentUrl\":\"https:\/\/oranka.com\/wp-content\/uploads\/2025\/09\/ORANKA-Logo_2025-Korona.svg\",\"width\":249,\"height\":141,\"caption\":\"ORANKA Fruchtgetr\u00e4nkekonzentrate\"},\"image\":{\"@id\":\"https:\/\/oranka.com\/de\/#\/schema\/logo\/image\/\"}}]}<\/script>\n<!-- \/ Yoast SEO plugin. -->","yoast_head_json":{"title":"Test DP - ORANKA Fruchtgetr\u00e4nkekonzentrate","robots":{"index":"index","follow":"follow","max-snippet":"max-snippet:-1","max-image-preview":"max-image-preview:large","max-video-preview":"max-video-preview:-1"},"canonical":"https:\/\/oranka.com\/de\/test-dp\/","og_locale":"de_DE","og_type":"article","og_title":"Test DP - ORANKA Fruchtgetr\u00e4nkekonzentrate","og_url":"https:\/\/oranka.com\/de\/test-dp\/","og_site_name":"ORANKA Fruchtgetr\u00e4nkekonzentrate","article_modified_time":"2024-11-22T12:41:39+00:00","twitter_card":"summary_large_image","schema":{"@context":"https:\/\/schema.org","@graph":[{"@type":"WebPage","@id":"https:\/\/oranka.com\/test-dp\/","url":"https:\/\/oranka.com\/test-dp\/","name":"Test DP - ORANKA Fruchtgetr\u00e4nkekonzentrate","isPartOf":{"@id":"https:\/\/oranka.com\/de\/#website"},"datePublished":"2022-11-13T21:45:14+00:00","dateModified":"2024-11-22T12:41:39+00:00","breadcrumb":{"@id":"https:\/\/oranka.com\/test-dp\/#breadcrumb"},"inLanguage":"de","potentialAction":[{"@type":"ReadAction","target":["https:\/\/oranka.com\/test-dp\/"]}]},{"@type":"BreadcrumbList","@id":"https:\/\/oranka.com\/test-dp\/#breadcrumb","itemListElement":[{"@type":"ListItem","position":1,"name":"Startseite","item":"https:\/\/oranka.com\/de\/"},{"@type":"ListItem","position":2,"name":"Test DP"}]},{"@type":"WebSite","@id":"https:\/\/oranka.com\/de\/#website","url":"https:\/\/oranka.com\/de\/","name":"ORANKA Fruchtgetr\u00e4nkekonzentrate","description":"Markenqualit\u00e4t im Getr\u00e4nkesystem","publisher":{"@id":"https:\/\/oranka.com\/de\/#organization"},"potentialAction":[{"@type":"SearchAction","target":{"@type":"EntryPoint","urlTemplate":"https:\/\/oranka.com\/de\/?s={search_term_string}"},"query-input":{"@type":"PropertyValueSpecification","valueRequired":true,"valueName":"search_term_string"}}],"inLanguage":"de"},{"@type":"Organization","@id":"https:\/\/oranka.com\/de\/#organization","name":"ORANKA Fruchtgetr\u00e4nkekonzentrate","url":"https:\/\/oranka.com\/de\/","logo":{"@type":"ImageObject","inLanguage":"de","@id":"https:\/\/oranka.com\/de\/#\/schema\/logo\/image\/","url":"https:\/\/oranka.com\/wp-content\/uploads\/2025\/09\/ORANKA-Logo_2025-Korona.svg","contentUrl":"https:\/\/oranka.com\/wp-content\/uploads\/2025\/09\/ORANKA-Logo_2025-Korona.svg","width":249,"height":141,"caption":"ORANKA Fruchtgetr\u00e4nkekonzentrate"},"image":{"@id":"https:\/\/oranka.com\/de\/#\/schema\/logo\/image\/"}}]}},"_links":{"self":[{"href":"https:\/\/oranka.com\/de\/wp-json\/wp\/v2\/pages\/7223","targetHints":{"allow":["GET"]}}],"collection":[{"href":"https:\/\/oranka.com\/de\/wp-json\/wp\/v2\/pages"}],"about":[{"href":"https:\/\/oranka.com\/de\/wp-json\/wp\/v2\/types\/page"}],"author":[{"embeddable":true,"href":"https:\/\/oranka.com\/de\/wp-json\/wp\/v2\/users\/1"}],"replies":[{"embeddable":true,"href":"https:\/\/oranka.com\/de\/wp-json\/wp\/v2\/comments?post=7223"}],"version-history":[{"count":7,"href":"https:\/\/oranka.com\/de\/wp-json\/wp\/v2\/pages\/7223\/revisions"}],"predecessor-version":[{"id":10808,"href":"https:\/\/oranka.com\/de\/wp-json\/wp\/v2\/pages\/7223\/revisions\/10808"}],"wp:attachment":[{"href":"https:\/\/oranka.com\/de\/wp-json\/wp\/v2\/media?parent=7223"}],"curies":[{"name":"wp","href":"https:\/\/api.w.org\/{rel}","templated":true}]}}