{"id":980,"date":"2022-06-09T12:24:50","date_gmt":"2022-06-09T10:24:50","guid":{"rendered":"https:\/\/oranka.com\/?page_id=980"},"modified":"2024-11-21T15:43:27","modified_gmt":"2024-11-21T14:43:27","slug":"impressum","status":"publish","type":"page","link":"https:\/\/oranka.com\/de\/impressum\/","title":{"rendered":"Impressum"},"content":{"rendered":"\t\t<div data-elementor-type=\"wp-page\" data-elementor-id=\"980\" class=\"elementor elementor-980\" data-elementor-post-type=\"page\">\n\t\t\t\t\t\t<section class=\"elementor-section elementor-top-section elementor-element elementor-element-85a4c51 elementor-section-height-min-height elementor-section-boxed elementor-section-height-default elementor-section-items-middle\" data-id=\"85a4c51\" data-element_type=\"section\" data-e-type=\"section\" data-settings=\"{&quot;background_background&quot;:&quot;classic&quot;}\">\n\t\t\t\t\t\t<div class=\"elementor-container elementor-column-gap-default\">\n\t\t\t\t\t<div class=\"elementor-column elementor-col-100 elementor-top-column elementor-element elementor-element-dad9502\" data-id=\"dad9502\" data-element_type=\"column\" data-e-type=\"column\">\n\t\t\t<div class=\"elementor-widget-wrap\">\n\t\t\t\t\t\t\t<\/div>\n\t\t<\/div>\n\t\t\t\t\t<\/div>\n\t\t<\/section>\n\t\t\t\t<section class=\"elementor-section elementor-top-section elementor-element elementor-element-0165c0b elementor-section-boxed elementor-section-height-default elementor-section-height-default\" data-id=\"0165c0b\" data-element_type=\"section\" data-e-type=\"section\">\n\t\t\t\t\t\t<div class=\"elementor-container elementor-column-gap-default\">\n\t\t\t\t\t<div class=\"elementor-column elementor-col-33 elementor-top-column elementor-element elementor-element-86d28c1\" data-id=\"86d28c1\" data-element_type=\"column\" data-e-type=\"column\">\n\t\t\t<div class=\"elementor-widget-wrap\">\n\t\t\t\t\t\t\t<\/div>\n\t\t<\/div>\n\t\t\t\t<div class=\"elementor-column elementor-col-66 elementor-top-column elementor-element elementor-element-e0f5b01\" data-id=\"e0f5b01\" data-element_type=\"column\" data-e-type=\"column\">\n\t\t\t<div class=\"elementor-widget-wrap elementor-element-populated\">\n\t\t\t\t\t\t<div class=\"elementor-element elementor-element-bb9f232 elementor-widget elementor-widget-heading\" data-id=\"bb9f232\" data-element_type=\"widget\" data-e-type=\"widget\" data-widget_type=\"heading.default\">\n\t\t\t\t<div class=\"elementor-widget-container\">\n\t\t\t\t\t<h1 class=\"elementor-heading-title elementor-size-default\">Impressum<\/h1>\t\t\t\t<\/div>\n\t\t\t\t<\/div>\n\t\t\t\t\t<\/div>\n\t\t<\/div>\n\t\t\t\t\t<\/div>\n\t\t<\/section>\n\t\t\t\t<section class=\"elementor-section elementor-top-section elementor-element elementor-element-6c97233 elementor-section-boxed elementor-section-height-default elementor-section-height-default\" data-id=\"6c97233\" data-element_type=\"section\" data-e-type=\"section\">\n\t\t\t\t\t\t<div class=\"elementor-container elementor-column-gap-default\">\n\t\t\t\t\t<div class=\"elementor-column elementor-col-33 elementor-top-column elementor-element elementor-element-598d259\" data-id=\"598d259\" data-element_type=\"column\" data-e-type=\"column\">\n\t\t\t<div class=\"elementor-widget-wrap elementor-element-populated\">\n\t\t\t\t\t\t<div class=\"elementor-element elementor-element-8e2dd40 elementor-widget elementor-widget-text-editor\" data-id=\"8e2dd40\" data-element_type=\"widget\" data-e-type=\"widget\" data-widget_type=\"text-editor.default\">\n\t\t\t\t<div class=\"elementor-widget-container\">\n\t\t\t\t\t\t\t\t\t<h3>Wolfgang Jobmann GmbH<\/h3><p>Gutenbergstra\u00dfe 10\/12<br \/>21465 Reinbek<br \/>Deutschland<\/p><p>Telefon +49 (0)40 722 6066<br \/>Telefax +49 (0)40 722 9442<br \/>info@wolfgangjobmann.de<\/p><p>Gesch\u00e4ftsf\u00fchrer: <br \/>Gerd Gr\u00fcndahl<br \/>Sidney Coffeng<\/p><p><span style=\"font-size: 1rem;\">HR <\/span>Hamburg<span style=\"font-size: 1rem;\">, HRB\u00a0<\/span>54982<\/p><p>USt-ID-Nr.: DE 164981473<\/p>\t\t\t\t\t\t\t\t<\/div>\n\t\t\t\t<\/div>\n\t\t\t\t<div class=\"elementor-element elementor-element-fdd8708 elementor-widget elementor-widget-text-editor\" data-id=\"fdd8708\" data-element_type=\"widget\" data-e-type=\"widget\" data-widget_type=\"text-editor.default\">\n\t\t\t\t<div class=\"elementor-widget-container\">\n\t\t\t\t\t\t\t\t\t<h3><b>Allgemeines<\/b><\/h3>\n<p><a href=\"https:\/\/oranka.com\/download\/de\/AEB-der-Wolfgang-Jobmann-GmbH.pdf\" target=\"_blank\" rel=\"noopener\">Allgemeine Einkaufsbedingungen<\/a> <br \/><a href=\"https:\/\/oranka.com\/download\/de\/AGB-der-Wolfgang-Jobmann-GmbH-B2B.pdf\" target=\"_blank\" rel=\"noopener\">Allgemeine Gesch\u00e4ftsbedingungen<\/a> <br \/><a href=\"https:\/\/oranka.com\/download\/de\/Datenschutzhinweise-der-Wolfgang-Jobmann-GmbH.pdf\" target=\"_blank\" rel=\"noopener\">Datenschutzhinweise [als PDF-Datei]<\/a> <br \/>der Wolfgang Jobmann GmbH<\/p>\t\t\t\t\t\t\t\t<\/div>\n\t\t\t\t<\/div>\n\t\t\t\t\t<\/div>\n\t\t<\/div>\n\t\t\t\t<div class=\"elementor-column elementor-col-66 elementor-top-column elementor-element elementor-element-53ab89d\" data-id=\"53ab89d\" data-element_type=\"column\" data-e-type=\"column\">\n\t\t\t<div class=\"elementor-widget-wrap elementor-element-populated\">\n\t\t\t\t\t\t<div class=\"elementor-element elementor-element-5b93840 elementor-widget elementor-widget-text-editor\" data-id=\"5b93840\" data-element_type=\"widget\" data-e-type=\"widget\" data-widget_type=\"text-editor.default\">\n\t\t\t\t<div class=\"elementor-widget-container\">\n\t\t\t\t\t\t\t\t\t<h3>Urheberrechte<\/h3><p>Copyright 2009-2024. Alle Rechte vorbehalten. Texte, Bilder, Grafiken, Sound, Animationen und Videos soweit nicht anders angegeben sowie deren Anordnung auf der Oranka Website unterliegen dem Schutz des Urheberrechts und anderer Schutzgesetze.<br \/>Der Inhalt dieser Website darf nicht zu kommerziellen Zwecken kopiert, verbreitet, ver\u00e4ndert oder Dritten zug\u00e4nglich gemacht werden.<\/p><p>ORANKA und FRISCO sind Marken der Wolfgang Jobmann GmbH<\/p>\t\t\t\t\t\t\t\t<\/div>\n\t\t\t\t<\/div>\n\t\t\t\t<div class=\"elementor-element elementor-element-86cab7b elementor-widget elementor-widget-text-editor\" data-id=\"86cab7b\" data-element_type=\"widget\" data-e-type=\"widget\" data-widget_type=\"text-editor.default\">\n\t\t\t\t<div class=\"elementor-widget-container\">\n\t\t\t\t\t\t\t\t\t<h3>Bildnachweise<\/h3><p>Verwendete Fotos, soweit nicht anders angegeben: <br \/>Sebastian Piramowicz, Giese\/Pumpe<br \/>Archiv des Stadtmuseum Schleswig: Adolf Dohse<br \/>Luftaufnahmen: Harald Maack<br \/>Fotolia.de (\u00a9 vgstudio, Serghei Velusceac, Scisetti Alfio, unverdorbenjr, HandmadePictures, First Flight, Stockwerk-Fotodesign, Brian Jackson, marylooo, ojoimages4, th-photo, Pavel Losevsky, Ilike, Yasonya, volff, NatUlrich, Svenja K\u00f6gler, Kzenon, junglepics, Liv Friis-larsen)<br \/>Adobe Stock (Bild Nr.): 178488004, 470354213, 401051589, 262389538,\u00a069686132,\u00a061297477,\u00a0211654051,\u00a0314992349,\u00a0364398004,\u00a0376720818,\u00a0403025935,\u00a0457332892, 404245296, 393616218<\/p>\t\t\t\t\t\t\t\t<\/div>\n\t\t\t\t<\/div>\n\t\t\t\t<div class=\"elementor-element elementor-element-0f6b38f elementor-widget elementor-widget-text-editor\" data-id=\"0f6b38f\" data-element_type=\"widget\" data-e-type=\"widget\" data-widget_type=\"text-editor.default\">\n\t\t\t\t<div class=\"elementor-widget-container\">\n\t\t\t\t\t\t\t\t\t<h3>Haftung<\/h3><p class=\"text_fussnote\">Diese Website wurde mit gr\u00f6\u00dftm\u00f6glicher Sorgfalt zusammengestellt. Trotzdem kann keine Gew\u00e4hr f\u00fcr die Fehlerfreiheit und Genauigkeit der enthaltenen Informationen \u00fcbernommen werden.<br \/>Jegliche Haftung f\u00fcr Sch\u00e4den, die direkt oder indirekt aus der Benutzung dieser Website entstehen, wird ausgeschlossen, soweit diese nicht auf Vorsatz oder grober Fahrl\u00e4ssigkeit beruhen.<\/p><p class=\"text_fussnote\">Trotz sorgf\u00e4ltiger inhaltlicher Kontrolle \u00fcbernehmen wir keine Haftung f\u00fcr die Inhalte externer Links. F\u00fcr den Inhalt der verlinkten Seiten sind ausschlie\u00dflich deren Betreiber verantwortlich.<\/p>\t\t\t\t\t\t\t\t<\/div>\n\t\t\t\t<\/div>\n\t\t\t\t<div class=\"elementor-element elementor-element-3d8d4b1 elementor-widget elementor-widget-spacer\" data-id=\"3d8d4b1\" data-element_type=\"widget\" data-e-type=\"widget\" data-widget_type=\"spacer.default\">\n\t\t\t\t<div class=\"elementor-widget-container\">\n\t\t\t\t\t\t\t<div class=\"elementor-spacer\">\n\t\t\t<div class=\"elementor-spacer-inner\"><\/div>\n\t\t<\/div>\n\t\t\t\t\t\t<\/div>\n\t\t\t\t<\/div>\n\t\t\t\t\t<\/div>\n\t\t<\/div>\n\t\t\t\t\t<\/div>\n\t\t<\/section>\n\t\t\t\t<\/div>\n\t\t","protected":false},"excerpt":{"rendered":"<p>Impressum Wolfgang Jobmann GmbH Gutenbergstra\u00dfe 10\/1221465 ReinbekDeutschland Telefon +49 (0)40 722 6066Telefax +49 (0)40 722 9442info@wolfgangjobmann.de Gesch\u00e4ftsf\u00fchrer: Gerd Gr\u00fcndahlSidney Coffeng HR Hamburg, HRB\u00a054982 USt-ID-Nr.: DE 164981473 Allgemeines Allgemeine Einkaufsbedingungen Allgemeine Gesch\u00e4ftsbedingungen Datenschutzhinweise [als PDF-Datei] der Wolfgang Jobmann GmbH Urheberrechte Copyright 2009-2024. Alle Rechte vorbehalten. Texte, Bilder, Grafiken, Sound, Animationen und Videos soweit nicht anders angegeben [&hellip;]<\/p>\n","protected":false},"author":1,"featured_media":0,"parent":0,"menu_order":0,"comment_status":"closed","ping_status":"closed","template":"","meta":{"inline_featured_image":false,"footnotes":""},"class_list":["post-980","page","type-page","status-publish","hentry"],"yoast_head":"<!-- This site is optimized with the Yoast SEO plugin v27.2 - https:\/\/yoast.com\/product\/yoast-seo-wordpress\/ -->\n<title>Impressum - ORANKA Fruchtgetr\u00e4nkekonzentrate<\/title>\n<meta name=\"robots\" content=\"index, follow, max-snippet:-1, max-image-preview:large, max-video-preview:-1\" \/>\n<link rel=\"canonical\" href=\"https:\/\/oranka.com\/de\/impressum\/\" \/>\n<meta property=\"og:locale\" content=\"de_DE\" \/>\n<meta property=\"og:type\" content=\"article\" \/>\n<meta property=\"og:title\" content=\"Impressum - ORANKA Fruchtgetr\u00e4nkekonzentrate\" \/>\n<meta property=\"og:description\" content=\"Impressum Wolfgang Jobmann GmbH Gutenbergstra\u00dfe 10\/1221465 ReinbekDeutschland Telefon +49 (0)40 722 6066Telefax +49 (0)40 722 9442info@wolfgangjobmann.de Gesch\u00e4ftsf\u00fchrer: Gerd Gr\u00fcndahlSidney Coffeng HR Hamburg, HRB\u00a054982 USt-ID-Nr.: DE 164981473 Allgemeines Allgemeine Einkaufsbedingungen Allgemeine Gesch\u00e4ftsbedingungen Datenschutzhinweise [als PDF-Datei] der Wolfgang Jobmann GmbH Urheberrechte Copyright 2009-2024. Alle Rechte vorbehalten. Texte, Bilder, Grafiken, Sound, Animationen und Videos soweit nicht anders angegeben [&hellip;]\" \/>\n<meta property=\"og:url\" content=\"https:\/\/oranka.com\/de\/impressum\/\" \/>\n<meta property=\"og:site_name\" content=\"ORANKA Fruchtgetr\u00e4nkekonzentrate\" \/>\n<meta property=\"article:modified_time\" content=\"2024-11-21T14:43:27+00:00\" \/>\n<meta name=\"twitter:card\" content=\"summary_large_image\" \/>\n<meta name=\"twitter:label1\" content=\"Gesch\u00e4tzte Lesezeit\" \/>\n\t<meta name=\"twitter:data1\" content=\"2\u00a0Minuten\" \/>\n<script type=\"application\/ld+json\" class=\"yoast-schema-graph\">{\"@context\":\"https:\/\/schema.org\",\"@graph\":[{\"@type\":\"WebPage\",\"@id\":\"https:\/\/oranka.com\/impressum\/\",\"url\":\"https:\/\/oranka.com\/impressum\/\",\"name\":\"Impressum - ORANKA Fruchtgetr\u00e4nkekonzentrate\",\"isPartOf\":{\"@id\":\"https:\/\/oranka.com\/de\/#website\"},\"datePublished\":\"2022-06-09T10:24:50+00:00\",\"dateModified\":\"2024-11-21T14:43:27+00:00\",\"breadcrumb\":{\"@id\":\"https:\/\/oranka.com\/impressum\/#breadcrumb\"},\"inLanguage\":\"de\",\"potentialAction\":[{\"@type\":\"ReadAction\",\"target\":[\"https:\/\/oranka.com\/impressum\/\"]}]},{\"@type\":\"BreadcrumbList\",\"@id\":\"https:\/\/oranka.com\/impressum\/#breadcrumb\",\"itemListElement\":[{\"@type\":\"ListItem\",\"position\":1,\"name\":\"Startseite\",\"item\":\"https:\/\/oranka.com\/de\/\"},{\"@type\":\"ListItem\",\"position\":2,\"name\":\"Impressum\"}]},{\"@type\":\"WebSite\",\"@id\":\"https:\/\/oranka.com\/de\/#website\",\"url\":\"https:\/\/oranka.com\/de\/\",\"name\":\"ORANKA Fruchtgetr\u00e4nkekonzentrate\",\"description\":\"Markenqualit\u00e4t im Getr\u00e4nkesystem\",\"publisher\":{\"@id\":\"https:\/\/oranka.com\/de\/#organization\"},\"potentialAction\":[{\"@type\":\"SearchAction\",\"target\":{\"@type\":\"EntryPoint\",\"urlTemplate\":\"https:\/\/oranka.com\/de\/?s={search_term_string}\"},\"query-input\":{\"@type\":\"PropertyValueSpecification\",\"valueRequired\":true,\"valueName\":\"search_term_string\"}}],\"inLanguage\":\"de\"},{\"@type\":\"Organization\",\"@id\":\"https:\/\/oranka.com\/de\/#organization\",\"name\":\"ORANKA Fruchtgetr\u00e4nkekonzentrate\",\"url\":\"https:\/\/oranka.com\/de\/\",\"logo\":{\"@type\":\"ImageObject\",\"inLanguage\":\"de\",\"@id\":\"https:\/\/oranka.com\/de\/#\/schema\/logo\/image\/\",\"url\":\"https:\/\/oranka.com\/wp-content\/uploads\/2025\/09\/ORANKA-Logo_2025-Korona.svg\",\"contentUrl\":\"https:\/\/oranka.com\/wp-content\/uploads\/2025\/09\/ORANKA-Logo_2025-Korona.svg\",\"width\":249,\"height\":141,\"caption\":\"ORANKA Fruchtgetr\u00e4nkekonzentrate\"},\"image\":{\"@id\":\"https:\/\/oranka.com\/de\/#\/schema\/logo\/image\/\"}}]}<\/script>\n<!-- \/ Yoast SEO plugin. -->","yoast_head_json":{"title":"Impressum - ORANKA Fruchtgetr\u00e4nkekonzentrate","robots":{"index":"index","follow":"follow","max-snippet":"max-snippet:-1","max-image-preview":"max-image-preview:large","max-video-preview":"max-video-preview:-1"},"canonical":"https:\/\/oranka.com\/de\/impressum\/","og_locale":"de_DE","og_type":"article","og_title":"Impressum - ORANKA Fruchtgetr\u00e4nkekonzentrate","og_description":"Impressum Wolfgang Jobmann GmbH Gutenbergstra\u00dfe 10\/1221465 ReinbekDeutschland Telefon +49 (0)40 722 6066Telefax +49 (0)40 722 9442info@wolfgangjobmann.de Gesch\u00e4ftsf\u00fchrer: Gerd Gr\u00fcndahlSidney Coffeng HR Hamburg, HRB\u00a054982 USt-ID-Nr.: DE 164981473 Allgemeines Allgemeine Einkaufsbedingungen Allgemeine Gesch\u00e4ftsbedingungen Datenschutzhinweise [als PDF-Datei] der Wolfgang Jobmann GmbH Urheberrechte Copyright 2009-2024. Alle Rechte vorbehalten. Texte, Bilder, Grafiken, Sound, Animationen und Videos soweit nicht anders angegeben [&hellip;]","og_url":"https:\/\/oranka.com\/de\/impressum\/","og_site_name":"ORANKA Fruchtgetr\u00e4nkekonzentrate","article_modified_time":"2024-11-21T14:43:27+00:00","twitter_card":"summary_large_image","twitter_misc":{"Gesch\u00e4tzte Lesezeit":"2\u00a0Minuten"},"schema":{"@context":"https:\/\/schema.org","@graph":[{"@type":"WebPage","@id":"https:\/\/oranka.com\/impressum\/","url":"https:\/\/oranka.com\/impressum\/","name":"Impressum - ORANKA Fruchtgetr\u00e4nkekonzentrate","isPartOf":{"@id":"https:\/\/oranka.com\/de\/#website"},"datePublished":"2022-06-09T10:24:50+00:00","dateModified":"2024-11-21T14:43:27+00:00","breadcrumb":{"@id":"https:\/\/oranka.com\/impressum\/#breadcrumb"},"inLanguage":"de","potentialAction":[{"@type":"ReadAction","target":["https:\/\/oranka.com\/impressum\/"]}]},{"@type":"BreadcrumbList","@id":"https:\/\/oranka.com\/impressum\/#breadcrumb","itemListElement":[{"@type":"ListItem","position":1,"name":"Startseite","item":"https:\/\/oranka.com\/de\/"},{"@type":"ListItem","position":2,"name":"Impressum"}]},{"@type":"WebSite","@id":"https:\/\/oranka.com\/de\/#website","url":"https:\/\/oranka.com\/de\/","name":"ORANKA Fruchtgetr\u00e4nkekonzentrate","description":"Markenqualit\u00e4t im Getr\u00e4nkesystem","publisher":{"@id":"https:\/\/oranka.com\/de\/#organization"},"potentialAction":[{"@type":"SearchAction","target":{"@type":"EntryPoint","urlTemplate":"https:\/\/oranka.com\/de\/?s={search_term_string}"},"query-input":{"@type":"PropertyValueSpecification","valueRequired":true,"valueName":"search_term_string"}}],"inLanguage":"de"},{"@type":"Organization","@id":"https:\/\/oranka.com\/de\/#organization","name":"ORANKA Fruchtgetr\u00e4nkekonzentrate","url":"https:\/\/oranka.com\/de\/","logo":{"@type":"ImageObject","inLanguage":"de","@id":"https:\/\/oranka.com\/de\/#\/schema\/logo\/image\/","url":"https:\/\/oranka.com\/wp-content\/uploads\/2025\/09\/ORANKA-Logo_2025-Korona.svg","contentUrl":"https:\/\/oranka.com\/wp-content\/uploads\/2025\/09\/ORANKA-Logo_2025-Korona.svg","width":249,"height":141,"caption":"ORANKA Fruchtgetr\u00e4nkekonzentrate"},"image":{"@id":"https:\/\/oranka.com\/de\/#\/schema\/logo\/image\/"}}]}},"_links":{"self":[{"href":"https:\/\/oranka.com\/de\/wp-json\/wp\/v2\/pages\/980","targetHints":{"allow":["GET"]}}],"collection":[{"href":"https:\/\/oranka.com\/de\/wp-json\/wp\/v2\/pages"}],"about":[{"href":"https:\/\/oranka.com\/de\/wp-json\/wp\/v2\/types\/page"}],"author":[{"embeddable":true,"href":"https:\/\/oranka.com\/de\/wp-json\/wp\/v2\/users\/1"}],"replies":[{"embeddable":true,"href":"https:\/\/oranka.com\/de\/wp-json\/wp\/v2\/comments?post=980"}],"version-history":[{"count":103,"href":"https:\/\/oranka.com\/de\/wp-json\/wp\/v2\/pages\/980\/revisions"}],"predecessor-version":[{"id":10799,"href":"https:\/\/oranka.com\/de\/wp-json\/wp\/v2\/pages\/980\/revisions\/10799"}],"wp:attachment":[{"href":"https:\/\/oranka.com\/de\/wp-json\/wp\/v2\/media?parent=980"}],"curies":[{"name":"wp","href":"https:\/\/api.w.org\/{rel}","templated":true}]}}