{"id":3,"date":"2022-06-07T10:25:00","date_gmt":"2022-06-07T08:25:00","guid":{"rendered":"https:\/\/oranka.com\/?page_id=3"},"modified":"2025-02-13T11:54:12","modified_gmt":"2025-02-13T10:54:12","slug":"datenschutzerklaerung","status":"publish","type":"page","link":"https:\/\/oranka.com\/en\/datenschutzerklaerung\/","title":{"rendered":"Privacy"},"content":{"rendered":"\t\t<div data-elementor-type=\"wp-page\" data-elementor-id=\"3\" class=\"elementor elementor-3\" data-elementor-post-type=\"page\">\n\t\t\t\t\t\t<section class=\"elementor-section elementor-top-section elementor-element elementor-element-c2572e2 elementor-section-height-min-height elementor-section-boxed elementor-section-height-default elementor-section-items-middle\" data-id=\"c2572e2\" data-element_type=\"section\" data-e-type=\"section\" data-settings=\"{&quot;background_background&quot;:&quot;classic&quot;}\">\n\t\t\t\t\t\t<div class=\"elementor-container elementor-column-gap-default\">\n\t\t\t\t\t<div class=\"elementor-column elementor-col-100 elementor-top-column elementor-element elementor-element-e04042f\" data-id=\"e04042f\" data-element_type=\"column\" data-e-type=\"column\">\n\t\t\t<div class=\"elementor-widget-wrap\">\n\t\t\t\t\t\t\t<\/div>\n\t\t<\/div>\n\t\t\t\t\t<\/div>\n\t\t<\/section>\n\t\t\t\t<section class=\"elementor-section elementor-top-section elementor-element elementor-element-9fb9724 elementor-section-boxed elementor-section-height-default elementor-section-height-default\" data-id=\"9fb9724\" data-element_type=\"section\" data-e-type=\"section\">\n\t\t\t\t\t\t<div class=\"elementor-container elementor-column-gap-default\">\n\t\t\t\t\t<div class=\"elementor-column elementor-col-100 elementor-top-column elementor-element elementor-element-e7282a2\" data-id=\"e7282a2\" data-element_type=\"column\" data-e-type=\"column\">\n\t\t\t<div class=\"elementor-widget-wrap elementor-element-populated\">\n\t\t\t\t\t\t<div class=\"elementor-element elementor-element-f2fd999 elementor-widget elementor-widget-spacer\" data-id=\"f2fd999\" data-element_type=\"widget\" data-e-type=\"widget\" data-widget_type=\"spacer.default\">\n\t\t\t\t<div class=\"elementor-widget-container\">\n\t\t\t\t\t\t\t<div class=\"elementor-spacer\">\n\t\t\t<div class=\"elementor-spacer-inner\"><\/div>\n\t\t<\/div>\n\t\t\t\t\t\t<\/div>\n\t\t\t\t<\/div>\n\t\t\t\t\t<\/div>\n\t\t<\/div>\n\t\t\t\t\t<\/div>\n\t\t<\/section>\n\t\t\t\t<section class=\"elementor-section elementor-top-section elementor-element elementor-element-02e4109 elementor-section-boxed elementor-section-height-default elementor-section-height-default\" data-id=\"02e4109\" data-element_type=\"section\" data-e-type=\"section\">\n\t\t\t\t\t\t<div class=\"elementor-container elementor-column-gap-default\">\n\t\t\t\t\t<div class=\"elementor-column elementor-col-33 elementor-top-column elementor-element elementor-element-9e349e7\" data-id=\"9e349e7\" data-element_type=\"column\" data-e-type=\"column\">\n\t\t\t<div class=\"elementor-widget-wrap\">\n\t\t\t\t\t\t\t<\/div>\n\t\t<\/div>\n\t\t\t\t<div class=\"elementor-column elementor-col-66 elementor-top-column elementor-element elementor-element-3ae60ef\" data-id=\"3ae60ef\" data-element_type=\"column\" data-e-type=\"column\">\n\t\t\t<div class=\"elementor-widget-wrap elementor-element-populated\">\n\t\t\t\t\t\t<div class=\"elementor-element elementor-element-608f788 elementor-widget elementor-widget-heading\" data-id=\"608f788\" data-element_type=\"widget\" data-e-type=\"widget\" data-widget_type=\"heading.default\">\n\t\t\t\t<div class=\"elementor-widget-container\">\n\t\t\t\t\t<h1 class=\"elementor-heading-title elementor-size-default\">Datenschutz<\/h1>\t\t\t\t<\/div>\n\t\t\t\t<\/div>\n\t\t\t\t\t<\/div>\n\t\t<\/div>\n\t\t\t\t\t<\/div>\n\t\t<\/section>\n\t\t\t\t<section class=\"elementor-section elementor-top-section elementor-element elementor-element-5516b697 elementor-section-boxed elementor-section-height-default elementor-section-height-default\" data-id=\"5516b697\" data-element_type=\"section\" data-e-type=\"section\">\n\t\t\t\t\t\t<div class=\"elementor-container elementor-column-gap-default\">\n\t\t\t\t\t<div class=\"elementor-column elementor-col-50 elementor-top-column elementor-element elementor-element-246b7b9b\" data-id=\"246b7b9b\" data-element_type=\"column\" data-e-type=\"column\">\n\t\t\t<div class=\"elementor-widget-wrap elementor-element-populated\">\n\t\t\t\t\t\t<div class=\"elementor-element elementor-element-a2f37e8 elementor-widget elementor-widget-text-editor\" data-id=\"a2f37e8\" data-element_type=\"widget\" data-e-type=\"widget\" data-widget_type=\"text-editor.default\">\n\t\t\t\t<div class=\"elementor-widget-container\">\n\t\t\t\t\t\t\t\t\t<h3>Wolfgang Jobmann GmbH<\/h3>\n<p>Gutenbergstra\u00dfe 10\/12<br \/>21465 Reinbek<br \/>Deutschland<\/p>\n<p>Telefon +49 (0)40 722 6066<br \/>Telefax +49 (0)40 722 9442<br \/>info@oranka.de<\/p>\n<p>Gesch\u00e4ftsf\u00fchrer: <br \/>Gerd Gr\u00fcndahl<br \/>Sidney Coffeng<\/p>\n<p><span style=\"font-size: 1rem;\">HR <\/span>Hamburg<span style=\"font-size: 1rem;\">, HRB\u00a0<\/span>54982<\/p>\n<p>USt-ID-Nr.: DE 164981473<\/p>\t\t\t\t\t\t\t\t<\/div>\n\t\t\t\t<\/div>\n\t\t\t\t<div class=\"elementor-element elementor-element-7a4c653 elementor-widget elementor-widget-text-editor\" data-id=\"7a4c653\" data-element_type=\"widget\" data-e-type=\"widget\" data-widget_type=\"text-editor.default\">\n\t\t\t\t<div class=\"elementor-widget-container\">\n\t\t\t\t\t\t\t\t\t<h3><b>Allgemeines<\/b><\/h3>\n<p><a href=\"https:\/\/oranka.com\/download\/de\/AEB-der-Wolfgang-Jobmann-GmbH.pdf\" target=\"_blank\" rel=\"noopener\">Allgemeine Einkaufsbedingungen<\/a> <br \/><a href=\"https:\/\/oranka.com\/download\/de\/AGB-der-Wolfgang-Jobmann-GmbH-B2B.pdf\" target=\"_blank\" rel=\"noopener\">Allgemeine Gesch\u00e4ftsbedingungen<\/a> <br \/><a href=\"https:\/\/oranka.com\/download\/de\/Datenschutzhinweise-der-Wolfgang-Jobmann-GmbH.pdf\" target=\"_blank\" rel=\"noopener\">Datenschutzhinweise [als PDF-Datei]<\/a> <br \/>der Wolfgang Jobmann GmbH<\/p>\t\t\t\t\t\t\t\t<\/div>\n\t\t\t\t<\/div>\n\t\t\t\t\t<\/div>\n\t\t<\/div>\n\t\t\t\t<div class=\"elementor-column elementor-col-50 elementor-top-column elementor-element elementor-element-e1097f8\" data-id=\"e1097f8\" data-element_type=\"column\" data-e-type=\"column\">\n\t\t\t<div class=\"elementor-widget-wrap elementor-element-populated\">\n\t\t\t\t\t\t<div class=\"elementor-element elementor-element-717e9435 elementor-widget elementor-widget-text-editor\" data-id=\"717e9435\" data-element_type=\"widget\" data-e-type=\"widget\" data-widget_type=\"text-editor.default\">\n\t\t\t\t<div class=\"elementor-widget-container\">\n\t\t\t\t\t\t\t\t\t<h3><span dir=\"ltr\" role=\"presentation\">1. Name und Kontaktdaten des f\u00fcr die Verarbeitung Verantwortlichen sowie der Datenschutzbeauftragte<\/span><\/h3>\n<p><!-- \/wp:heading --><!-- wp:paragraph --><\/p>\n<p><span dir=\"ltr\" role=\"presentation\">Verantwortlicher:<\/span><br role=\"presentation\" \/><span dir=\"ltr\" role=\"presentation\">Wolfgang Jobmann GmbH<\/span><br role=\"presentation\" \/><span dir=\"ltr\" role=\"presentation\">Gesch\u00e4ftsf\u00fchrung<\/span><br role=\"presentation\" \/><span dir=\"ltr\" role=\"presentation\">Gutenbergstra\u00dfe 10\/12<\/span><br role=\"presentation\" \/><span dir=\"ltr\" role=\"presentation\">21465 Reinbek<\/span><br role=\"presentation\" \/><span dir=\"ltr\" role=\"presentation\">Tel: 040<\/span><span dir=\"ltr\" role=\"presentation\">&#8211;<\/span><span dir=\"ltr\" role=\"presentation\">7226066, Fax: 040<\/span><span dir=\"ltr\" role=\"presentation\">&#8211;<\/span><span dir=\"ltr\" role=\"presentation\">7229442<\/span><br role=\"presentation\" \/><span dir=\"ltr\" role=\"presentation\">E<\/span><span dir=\"ltr\" role=\"presentation\">&#8211;<\/span><span dir=\"ltr\" role=\"presentation\">Mail:<\/span> <span dir=\"ltr\" role=\"presentation\">info@oranka.de<\/span><br role=\"presentation\" \/><span dir=\"ltr\" role=\"presentation\">Datenschutzbeauftragter:<\/span><br role=\"presentation\" \/><span dir=\"ltr\" role=\"presentation\">E<\/span><span dir=\"ltr\" role=\"presentation\">&#8211;<\/span><span dir=\"ltr\" role=\"presentation\">Mail:<\/span> <span dir=\"ltr\" role=\"presentation\">datenschutz@oranka.de<\/span><\/p>\n<p><!-- \/wp:paragraph --><\/p>\t\t\t\t\t\t\t\t<\/div>\n\t\t\t\t<\/div>\n\t\t\t\t<div class=\"elementor-element elementor-element-0f5c5ec elementor-widget__width-initial elementor-widget elementor-widget-text-editor\" data-id=\"0f5c5ec\" data-element_type=\"widget\" data-e-type=\"widget\" data-widget_type=\"text-editor.default\">\n\t\t\t\t<div class=\"elementor-widget-container\">\n\t\t\t\t\t\t\t\t\t<p><!-- wp:heading --><\/p>\n<h3><span id=\"page3R_mcid7\" class=\"markedContent\"><span dir=\"ltr\" role=\"presentation\">2. Erhebung und Speicherung personenbezogener Daten sowie Art und Zweck und deren Verwendung<\/span><\/span><\/h3>\n<p><!-- \/wp:heading --><!-- wp:paragraph --><\/p>\n<p>Wenn Sie Kunde, Lieferant oder Interessent unseres Unternehmens sind, erheben wir folgende Informationen:<br \/>\u2022 Anrede, Vorname, Nachname, ggf. auch von weiteren Ansprechpartnern im Unternehmen;<br \/>\u2022 eine g\u00fcltige E-Mail-Adresse;<br \/>\u2022 vollst\u00e4ndige Anschrift, ggf. abweichende, postalische Angaben;<br \/>\u2022 Telefonnummer (Festnetz und\/oder Mobilfunk);<br \/>\u2022 Steuernummern, Umsatzsteueridentnummer;<br \/>\u2022 Bankdaten und Umsatzdaten;<br \/>\u2022 Informationen, die f\u00fcr die Durchf\u00fchrung des jeweiligen Vertragsverh\u00e4ltnisses notwendig sind.<\/p>\n<p>Die Erhebung dieser Daten erfolgt,<br \/>\u2022 um Sie als unseren Vertragspartner identifizieren zu k\u00f6nnen;<br \/>\u2022 um Sie angemessen beraten und erteilte Auftr\u00e4ge erf\u00fcllen zu k\u00f6nnen;<br \/>\u2022 zur Korrespondenz mit Ihnen;<br \/>\u2022 zur Rechnungsstellung;<br \/>\u2022 zur Abwicklung von eventuellen Haftungsanspr\u00fcchen sowie der Geltendmachung etwaiger Anspr\u00fcche gegen Sie.<\/p>\n<p>Die Datenverarbeitung erfolgt auf Ihre Anfrage hin und ist nach Art. 6 Abs. 1 S. 1 lit. b DSGVO zu den genannten Zwecken f\u00fcr die angemessene Bearbeitung und die beidseitige Erf\u00fcllung von Verpflichtungen aus dem Vertrag erforderlich. Wir verarbeiten die Daten, die wir im Rahmen unserer Gesch\u00e4ftsbeziehung von Ihnen erhalten haben sowie Daten, die wir aus \u00f6ffentlich zug\u00e4nglichen Verzeichnissen (z. B. Handelsregister) erfasst haben.<\/p>\n<p>Die f\u00fcr Gesch\u00e4ftsbeziehung von uns erhobenen personenbezogenen Daten werden bis zum Ablauf der gesetzlichen Aufbewahrungspflicht gespeichert und danach gel\u00f6scht, es sei denn, dass wir nach Artikel 6 Abs. 1 S. 1 lit. C DSGVO aufgrund von steuer- und handelsrechtlichen Aufbewahrungs- und Dokumentationspflichten (aus HGB, StGB oder AO) zu einer l\u00e4ngeren Speicherung verpflichtet sind oder Sie in eine dar\u00fcber hinausgehende Speicherung nach Art. 6 Abs. 1S 1 lit. a DSGVO eingewilligt haben.<\/p>\n<p><!-- \/wp:paragraph --><\/p>\t\t\t\t\t\t\t\t<\/div>\n\t\t\t\t<\/div>\n\t\t\t\t<div class=\"elementor-element elementor-element-b9bac6d elementor-widget elementor-widget-text-editor\" data-id=\"b9bac6d\" data-element_type=\"widget\" data-e-type=\"widget\" data-widget_type=\"text-editor.default\">\n\t\t\t\t<div class=\"elementor-widget-container\">\n\t\t\t\t\t\t\t\t\t<p><!-- wp:heading --><\/p>\n<h3><span id=\"page3R_mcid7\" class=\"markedContent\"><span dir=\"ltr\" role=\"presentation\">3. <span id=\"page3R_mcid25\" class=\"markedContent\">Weitergabe von Daten an Dritte<\/span><\/span><\/span><\/h3>\n<p><!-- \/wp:heading --><!-- wp:paragraph --><\/p>\n<p>Eine \u00dcbermittlung Ihrer pers\u00f6nlichen Daten an Dritte zu anderen als den im Folgenden aufgef\u00fchrten Zwecken findet nicht statt. Eine \u00dcbermittlung an ein Land au\u00dferhalb der EU findet nicht statt.<br \/>Soweit dies nach Art. 6 Abs. 1 S. 1 lit. und lit. f DSGVO f\u00fcr die Erf\u00fcllung von Vertragsverh\u00e4ltnissen mit Ihnen erforderlich ist, werden Ihre personenbezogenen Daten an Dritte weitergegeben. Hierzu geh\u00f6ren insbesondere folgende Weitergaben:<\/p>\n<p>\u2022 im Rahmen der Finanzbuchhaltung an unseren Steuerberater bzw. Wirtschaftspr\u00fcfer;<br \/>\u2022 an unsere Rechtsanw\u00e4lte, um ggf. Forderungen einzubeziehen und Anspr\u00fcche gerichtlich durchzusetzen;<br \/>\u2022 an Speditionen und Logistikdienstleister zur Erf\u00fcllung der bestehenden Lieferverpflichtungen;<br \/>\u2022 an Kreditinstitute und Anbieter von Zahlungsdienstleistungen f\u00fcr die Abrechnung und Abwicklung von Zahlungen;<br \/>\u2022 an \u00f6ffentliche Stellen in begr\u00fcndeten F\u00e4llen, z. B. die Finanzbeh\u00f6rden;<br \/>\u2022 an IT-Dienstleister zur Aufrechterhaltung unserer IT-Infrastruktur und Datensicherung.<br \/>Die weitergegebenen Daten d\u00fcrfen von dem Dritten ausschlie\u00dflich zu den genannten Zwecken verwendet werden. Teilweise bedienen wir uns zur Verarbeitung Ihrer Daten weiterer externer Dienstleister. Diese wurden von uns sorgf\u00e4ltig ausgew\u00e4hlt und beauftragt, sind an unsere Weisungen gebunden und werden regelm\u00e4\u00dfig kontrolliert.<\/p>\n<p><!-- \/wp:paragraph --><\/p>\t\t\t\t\t\t\t\t<\/div>\n\t\t\t\t<\/div>\n\t\t\t\t<div class=\"elementor-element elementor-element-44346cf elementor-widget elementor-widget-text-editor\" data-id=\"44346cf\" data-element_type=\"widget\" data-e-type=\"widget\" data-widget_type=\"text-editor.default\">\n\t\t\t\t<div class=\"elementor-widget-container\">\n\t\t\t\t\t\t\t\t\t<p><!-- wp:heading --><\/p>\n<h3><span dir=\"ltr\" role=\"presentation\">4. <span id=\"page30R_mcid8\" class=\"markedContent\">Betroffenenrechte<\/span><\/span><\/h3>\n<p><!-- \/wp:heading --><!-- wp:paragraph --><\/p>\n<p>Sie haben das Recht:<br \/>\u2022 gem\u00e4\u00df Art. 7 Abs. 3 DSGVO Ihre einmal erteilte Einwilligung jederzeit gegen\u00fcber uns zu widerrufen. Dies hat zur Folge, dass wir die Datenverarbeitung, die auf dieser Einwilligung beruhte, f\u00fcr die Zukunft nicht mehr fortf\u00fchren d\u00fcrfen;<br \/>\u2022 gem\u00e4\u00df Art. 15 DSGVO Auskunft \u00fcber Ihre von uns verarbeiteten personenbezogenen Daten zu verlangen.<br \/>Insbesondere k\u00f6nnen Sie Auskunft \u00fcber die Verarbeitungszwecke, die Kategorie der personenbezogenen Daten, die Kategorien von Empf\u00e4ngern, gegen\u00fcber denen Ihre Daten offengelegt wurden oder werden, die geplante Speicherdauer, das Bestehen eines Rechts auf Berichtigung, L\u00f6schung, Einschr\u00e4nkung der Verarbeitung oder Widerspruch, das Bestehen eines Beschwerderechts, die Herkunft Ihrer Daten, sofern diese nicht bei uns erhoben wurden, sowie \u00fcber das Bestehen einer automatisierten Entscheidungsfindung einschlie\u00dflich Profiling und ggf. aussagekr\u00e4ftigen Informationen zu deren Einzelheiten verlangen;<br \/>\u2022 gem\u00e4\u00df Art. 16 DSGVO unverz\u00fcglich die Berichtigung unrichtiger oder Vervollst\u00e4ndigung Ihrer bei uns gespeicherten personenbezogenen Daten zu verlangen;<br \/>\u2022 gem\u00e4\u00df Art. 17 DSGVO die L\u00f6schung Ihrer bei uns gespeicherten personenbezogenen Daten zu verlangen, soweit nicht die Verarbeitung zur Aus\u00fcbung des Rechts auf freie Meinungs\u00e4u\u00dferung und Information, zur Erf\u00fcllung einer rechtlichen Verpflichtung, aus Gr\u00fcnden des \u00f6ffentlichen Interesses oder zur Geltendmachung, Aus\u00fcbung oder Verteidigung von Rechtsanspr\u00fcchen erforderlich ist;<br \/>\u2022 gem\u00e4\u00df Art. 18 DSGVO die Einschr\u00e4nkung der Verarbeitung Ihrer personenbezogenen Daten zu verlangen, soweit die Richtigkeit der Daten von Ihnen bestritten wird, die Verarbeitung unrechtm\u00e4\u00dfig ist, Sie aber deren L\u00f6schung ablehnen und wir die Daten nicht mehr ben\u00f6tigen, Sie jedoch diese zur Geltendmachung, Aus\u00fcbung oder Verteidigung von Rechtsanspr\u00fcchen ben\u00f6tigen oder Sie gem\u00e4\u00df Art. 21 DSGVO Widerspruch gegen die Verarbeitung eingelegt haben;<br \/>\u2022 gem\u00e4\u00df Art. 20 DSGVO Ihre personenbezogenen Daten, die Sie uns bereitgestellt haben, in einem strukturierten, g\u00e4ngigen und maschinenlesbaren Format zu erhalten oder die \u00dcbermittlung an einen anderen Verantwortlichen zu verlangen und<br \/>\u2022 gem\u00e4\u00df Art. 77 DSGVO sich bei einer Aufsichtsbeh\u00f6rde zu beschweren. Die Anschrift der f\u00fcr unser Unternehmen zust\u00e4ndigen Aufsichtsbeh\u00f6rde lautet:<\/p>\n<p>Unabh\u00e4ngiges Landeszentrum f\u00fcr Datenschutz Schleswig-Holstein<br \/>Postfach 71 16, 24171 Kiel<\/p>\n<p><!-- \/wp:paragraph --><\/p>\t\t\t\t\t\t\t\t<\/div>\n\t\t\t\t<\/div>\n\t\t\t\t<div class=\"elementor-element elementor-element-4cbb6ea elementor-widget elementor-widget-text-editor\" data-id=\"4cbb6ea\" data-element_type=\"widget\" data-e-type=\"widget\" data-widget_type=\"text-editor.default\">\n\t\t\t\t<div class=\"elementor-widget-container\">\n\t\t\t\t\t\t\t\t\t<p><!-- wp:heading --><\/p>\n<h3><span dir=\"ltr\" role=\"presentation\">5. <span id=\"page30R_mcid18\" class=\"markedContent\">Widerspruchsrecht<\/span><\/span><\/h3>\n<p><!-- \/wp:heading --><!-- wp:paragraph --><\/p>\n<p>Sofern Ihre personenbezogenen Daten auf Grundlage von berechtigten Interessen gem\u00e4\u00df Art. 6 Abs. 1 S. 1 lit. f DSGVO verarbeitet werden, haben Sie das Recht, gem\u00e4\u00df Art. 21 DSGVO Widerspruch gegen die Verarbeitung Ihrer personenbezogenen Daten einzulegen, soweit daf\u00fcr Gr\u00fcnde vorliegen, die sich aus Ihrer besonderen Situation ergeben.<br \/>M\u00f6chten Sie von Ihrem Widerspruchsrecht Gebrauch machen, gen\u00fcgt eine E-Mail an datenschutz@oranka.de, ein Schreiben oder Fax an die unter 1. genannte verantwortliche Stelle.<\/p>\n<p><!-- \/wp:paragraph --><\/p>\t\t\t\t\t\t\t\t<\/div>\n\t\t\t\t<\/div>\n\t\t\t\t<div class=\"elementor-element elementor-element-d7659a3 elementor-widget elementor-widget-spacer\" data-id=\"d7659a3\" data-element_type=\"widget\" data-e-type=\"widget\" data-widget_type=\"spacer.default\">\n\t\t\t\t<div class=\"elementor-widget-container\">\n\t\t\t\t\t\t\t<div class=\"elementor-spacer\">\n\t\t\t<div class=\"elementor-spacer-inner\"><\/div>\n\t\t<\/div>\n\t\t\t\t\t\t<\/div>\n\t\t\t\t<\/div>\n\t\t\t\t\t<\/div>\n\t\t<\/div>\n\t\t\t\t\t<\/div>\n\t\t<\/section>\n\t\t\t\t<\/div>\n\t\t","protected":false},"excerpt":{"rendered":"<p>Datenschutz Wolfgang Jobmann GmbH Gutenbergstra\u00dfe 10\/1221465 ReinbekDeutschland Telefon +49 (0)40 722 6066Telefax +49 (0)40 722 9442info@oranka.de Gesch\u00e4ftsf\u00fchrer: Gerd Gr\u00fcndahlSidney Coffeng HR Hamburg, HRB\u00a054982 USt-ID-Nr.: DE 164981473 Allgemeines Allgemeine Einkaufsbedingungen Allgemeine Gesch\u00e4ftsbedingungen Datenschutzhinweise [als PDF-Datei] der Wolfgang Jobmann GmbH 1. Name und Kontaktdaten des f\u00fcr die Verarbeitung Verantwortlichen sowie der Datenschutzbeauftragte Verantwortlicher:Wolfgang Jobmann GmbHGesch\u00e4ftsf\u00fchrungGutenbergstra\u00dfe 10\/1221465 ReinbekTel: [&hellip;]<\/p>\n","protected":false},"author":1,"featured_media":0,"parent":0,"menu_order":0,"comment_status":"closed","ping_status":"open","template":"","meta":{"inline_featured_image":false,"footnotes":""},"class_list":["post-3","page","type-page","status-publish","hentry"],"yoast_head":"<!-- This site is optimized with the Yoast SEO plugin v27.2 - https:\/\/yoast.com\/product\/yoast-seo-wordpress\/ -->\n<title>Datenschutz - ORANKA Fruchtgetr\u00e4nkekonzentrate<\/title>\n<meta name=\"robots\" content=\"index, follow, max-snippet:-1, max-image-preview:large, max-video-preview:-1\" \/>\n<link rel=\"canonical\" href=\"https:\/\/oranka.com\/en\/datenschutzerklaerung\/\" \/>\n<meta property=\"og:locale\" content=\"en_GB\" \/>\n<meta property=\"og:type\" content=\"article\" \/>\n<meta property=\"og:title\" content=\"Datenschutz - ORANKA Fruchtgetr\u00e4nkekonzentrate\" \/>\n<meta property=\"og:description\" content=\"Datenschutz Wolfgang Jobmann GmbH Gutenbergstra\u00dfe 10\/1221465 ReinbekDeutschland Telefon +49 (0)40 722 6066Telefax +49 (0)40 722 9442info@oranka.de Gesch\u00e4ftsf\u00fchrer: Gerd Gr\u00fcndahlSidney Coffeng HR Hamburg, HRB\u00a054982 USt-ID-Nr.: DE 164981473 Allgemeines Allgemeine Einkaufsbedingungen Allgemeine Gesch\u00e4ftsbedingungen Datenschutzhinweise [als PDF-Datei] der Wolfgang Jobmann GmbH 1. Name und Kontaktdaten des f\u00fcr die Verarbeitung Verantwortlichen sowie der Datenschutzbeauftragte Verantwortlicher:Wolfgang Jobmann GmbHGesch\u00e4ftsf\u00fchrungGutenbergstra\u00dfe 10\/1221465 ReinbekTel: [&hellip;]\" \/>\n<meta property=\"og:url\" content=\"https:\/\/oranka.com\/en\/datenschutzerklaerung\/\" \/>\n<meta property=\"og:site_name\" content=\"ORANKA Fruchtgetr\u00e4nkekonzentrate\" \/>\n<meta property=\"article:modified_time\" content=\"2025-02-13T10:54:12+00:00\" \/>\n<meta name=\"twitter:card\" content=\"summary_large_image\" \/>\n<meta name=\"twitter:label1\" content=\"Estimated reading time\" \/>\n\t<meta name=\"twitter:data1\" content=\"6 minutes\" \/>\n<script type=\"application\/ld+json\" class=\"yoast-schema-graph\">{\"@context\":\"https:\/\/schema.org\",\"@graph\":[{\"@type\":\"WebPage\",\"@id\":\"https:\/\/oranka.com\/datenschutzerklaerung\/\",\"url\":\"https:\/\/oranka.com\/datenschutzerklaerung\/\",\"name\":\"Datenschutz - ORANKA Fruchtgetr\u00e4nkekonzentrate\",\"isPartOf\":{\"@id\":\"https:\/\/oranka.com\/de\/#website\"},\"datePublished\":\"2022-06-07T08:25:00+00:00\",\"dateModified\":\"2025-02-13T10:54:12+00:00\",\"breadcrumb\":{\"@id\":\"https:\/\/oranka.com\/datenschutzerklaerung\/#breadcrumb\"},\"inLanguage\":\"en-GB\",\"potentialAction\":[{\"@type\":\"ReadAction\",\"target\":[\"https:\/\/oranka.com\/datenschutzerklaerung\/\"]}]},{\"@type\":\"BreadcrumbList\",\"@id\":\"https:\/\/oranka.com\/datenschutzerklaerung\/#breadcrumb\",\"itemListElement\":[{\"@type\":\"ListItem\",\"position\":1,\"name\":\"Startseite\",\"item\":\"https:\/\/oranka.com\/de\/\"},{\"@type\":\"ListItem\",\"position\":2,\"name\":\"Datenschutz\"}]},{\"@type\":\"WebSite\",\"@id\":\"https:\/\/oranka.com\/de\/#website\",\"url\":\"https:\/\/oranka.com\/de\/\",\"name\":\"ORANKA Fruchtgetr\u00e4nkekonzentrate\",\"description\":\"Markenqualit\u00e4t im Getr\u00e4nkesystem\",\"publisher\":{\"@id\":\"https:\/\/oranka.com\/de\/#organization\"},\"potentialAction\":[{\"@type\":\"SearchAction\",\"target\":{\"@type\":\"EntryPoint\",\"urlTemplate\":\"https:\/\/oranka.com\/de\/?s={search_term_string}\"},\"query-input\":{\"@type\":\"PropertyValueSpecification\",\"valueRequired\":true,\"valueName\":\"search_term_string\"}}],\"inLanguage\":\"en-GB\"},{\"@type\":\"Organization\",\"@id\":\"https:\/\/oranka.com\/de\/#organization\",\"name\":\"ORANKA Fruchtgetr\u00e4nkekonzentrate\",\"url\":\"https:\/\/oranka.com\/de\/\",\"logo\":{\"@type\":\"ImageObject\",\"inLanguage\":\"en-GB\",\"@id\":\"https:\/\/oranka.com\/de\/#\/schema\/logo\/image\/\",\"url\":\"https:\/\/oranka.com\/wp-content\/uploads\/2025\/09\/ORANKA-Logo_2025-Korona.svg\",\"contentUrl\":\"https:\/\/oranka.com\/wp-content\/uploads\/2025\/09\/ORANKA-Logo_2025-Korona.svg\",\"width\":249,\"height\":141,\"caption\":\"ORANKA Fruchtgetr\u00e4nkekonzentrate\"},\"image\":{\"@id\":\"https:\/\/oranka.com\/de\/#\/schema\/logo\/image\/\"}}]}<\/script>\n<!-- \/ Yoast SEO plugin. -->","yoast_head_json":{"title":"Datenschutz - ORANKA Fruchtgetr\u00e4nkekonzentrate","robots":{"index":"index","follow":"follow","max-snippet":"max-snippet:-1","max-image-preview":"max-image-preview:large","max-video-preview":"max-video-preview:-1"},"canonical":"https:\/\/oranka.com\/en\/datenschutzerklaerung\/","og_locale":"en_GB","og_type":"article","og_title":"Datenschutz - ORANKA Fruchtgetr\u00e4nkekonzentrate","og_description":"Datenschutz Wolfgang Jobmann GmbH Gutenbergstra\u00dfe 10\/1221465 ReinbekDeutschland Telefon +49 (0)40 722 6066Telefax +49 (0)40 722 9442info@oranka.de Gesch\u00e4ftsf\u00fchrer: Gerd Gr\u00fcndahlSidney Coffeng HR Hamburg, HRB\u00a054982 USt-ID-Nr.: DE 164981473 Allgemeines Allgemeine Einkaufsbedingungen Allgemeine Gesch\u00e4ftsbedingungen Datenschutzhinweise [als PDF-Datei] der Wolfgang Jobmann GmbH 1. Name und Kontaktdaten des f\u00fcr die Verarbeitung Verantwortlichen sowie der Datenschutzbeauftragte Verantwortlicher:Wolfgang Jobmann GmbHGesch\u00e4ftsf\u00fchrungGutenbergstra\u00dfe 10\/1221465 ReinbekTel: [&hellip;]","og_url":"https:\/\/oranka.com\/en\/datenschutzerklaerung\/","og_site_name":"ORANKA Fruchtgetr\u00e4nkekonzentrate","article_modified_time":"2025-02-13T10:54:12+00:00","twitter_card":"summary_large_image","twitter_misc":{"Estimated reading time":"6 minutes"},"schema":{"@context":"https:\/\/schema.org","@graph":[{"@type":"WebPage","@id":"https:\/\/oranka.com\/datenschutzerklaerung\/","url":"https:\/\/oranka.com\/datenschutzerklaerung\/","name":"Datenschutz - ORANKA Fruchtgetr\u00e4nkekonzentrate","isPartOf":{"@id":"https:\/\/oranka.com\/de\/#website"},"datePublished":"2022-06-07T08:25:00+00:00","dateModified":"2025-02-13T10:54:12+00:00","breadcrumb":{"@id":"https:\/\/oranka.com\/datenschutzerklaerung\/#breadcrumb"},"inLanguage":"en-GB","potentialAction":[{"@type":"ReadAction","target":["https:\/\/oranka.com\/datenschutzerklaerung\/"]}]},{"@type":"BreadcrumbList","@id":"https:\/\/oranka.com\/datenschutzerklaerung\/#breadcrumb","itemListElement":[{"@type":"ListItem","position":1,"name":"Startseite","item":"https:\/\/oranka.com\/de\/"},{"@type":"ListItem","position":2,"name":"Datenschutz"}]},{"@type":"WebSite","@id":"https:\/\/oranka.com\/de\/#website","url":"https:\/\/oranka.com\/de\/","name":"ORANKA fruit drink concentrates","description":"Brand quality<br> in a beverage system","publisher":{"@id":"https:\/\/oranka.com\/de\/#organization"},"potentialAction":[{"@type":"SearchAction","target":{"@type":"EntryPoint","urlTemplate":"https:\/\/oranka.com\/de\/?s={search_term_string}"},"query-input":{"@type":"PropertyValueSpecification","valueRequired":true,"valueName":"search_term_string"}}],"inLanguage":"en-GB"},{"@type":"Organization","@id":"https:\/\/oranka.com\/de\/#organization","name":"ORANKA fruit drink concentrates","url":"https:\/\/oranka.com\/de\/","logo":{"@type":"ImageObject","inLanguage":"en-GB","@id":"https:\/\/oranka.com\/de\/#\/schema\/logo\/image\/","url":"https:\/\/oranka.com\/wp-content\/uploads\/2025\/09\/ORANKA-Logo_2025-Korona.svg","contentUrl":"https:\/\/oranka.com\/wp-content\/uploads\/2025\/09\/ORANKA-Logo_2025-Korona.svg","width":249,"height":141,"caption":"ORANKA Fruchtgetr\u00e4nkekonzentrate"},"image":{"@id":"https:\/\/oranka.com\/de\/#\/schema\/logo\/image\/"}}]}},"_links":{"self":[{"href":"https:\/\/oranka.com\/en\/wp-json\/wp\/v2\/pages\/3","targetHints":{"allow":["GET"]}}],"collection":[{"href":"https:\/\/oranka.com\/en\/wp-json\/wp\/v2\/pages"}],"about":[{"href":"https:\/\/oranka.com\/en\/wp-json\/wp\/v2\/types\/page"}],"author":[{"embeddable":true,"href":"https:\/\/oranka.com\/en\/wp-json\/wp\/v2\/users\/1"}],"replies":[{"embeddable":true,"href":"https:\/\/oranka.com\/en\/wp-json\/wp\/v2\/comments?post=3"}],"version-history":[{"count":84,"href":"https:\/\/oranka.com\/en\/wp-json\/wp\/v2\/pages\/3\/revisions"}],"predecessor-version":[{"id":11003,"href":"https:\/\/oranka.com\/en\/wp-json\/wp\/v2\/pages\/3\/revisions\/11003"}],"wp:attachment":[{"href":"https:\/\/oranka.com\/en\/wp-json\/wp\/v2\/media?parent=3"}],"curies":[{"name":"wp","href":"https:\/\/api.w.org\/{rel}","templated":true}]}}