{"id":6269,"date":"2022-09-23T14:28:00","date_gmt":"2022-09-23T12:28:00","guid":{"rendered":"https:\/\/oranka.com\/?page_id=6269"},"modified":"2022-09-23T21:36:17","modified_gmt":"2022-09-23T19:36:17","slug":"wartung","status":"publish","type":"page","link":"https:\/\/oranka.com\/en\/wartung\/","title":{"rendered":"Wartung"},"content":{"rendered":"\t\t<div data-elementor-type=\"wp-page\" data-elementor-id=\"6269\" class=\"elementor elementor-6269\" data-elementor-post-type=\"page\">\n\t\t\t\t\t\t<section class=\"elementor-section elementor-top-section elementor-element elementor-element-85a4c51 elementor-section-height-min-height elementor-reverse-tablet elementor-reverse-mobile elementor-section-boxed elementor-section-height-default elementor-section-items-middle\" data-id=\"85a4c51\" data-element_type=\"section\" data-e-type=\"section\" data-settings=\"{&quot;background_background&quot;:&quot;classic&quot;}\">\n\t\t\t\t\t\t<div class=\"elementor-container elementor-column-gap-default\">\n\t\t\t\t\t<div class=\"elementor-column elementor-col-50 elementor-top-column elementor-element elementor-element-dad9502\" data-id=\"dad9502\" data-element_type=\"column\" data-e-type=\"column\">\n\t\t\t<div class=\"elementor-widget-wrap elementor-element-populated\">\n\t\t\t\t\t\t<div class=\"elementor-element elementor-element-bb9f232 elementor-widget elementor-widget-heading\" data-id=\"bb9f232\" data-element_type=\"widget\" data-e-type=\"widget\" data-widget_type=\"heading.default\">\n\t\t\t\t<div class=\"elementor-widget-container\">\n\t\t\t\t\t<h1 class=\"elementor-heading-title elementor-size-default\">Wir machen gerade ein Update. <br>Seien Sie gespannt!<\/h1>\t\t\t\t<\/div>\n\t\t\t\t<\/div>\n\t\t\t\t<div class=\"elementor-element elementor-element-80c17d0 elementor-countdown--label-block elementor-widget elementor-widget-countdown\" data-id=\"80c17d0\" data-element_type=\"widget\" data-e-type=\"widget\" data-widget_type=\"countdown.default\">\n\t\t\t\t<div class=\"elementor-widget-container\">\n\t\t\t\t\t\t\t<div class=\"elementor-countdown-wrapper\" data-date=\"1664172000\">\n\t\t\t<div class=\"elementor-countdown-item\"><span class=\"elementor-countdown-digits elementor-countdown-days\"><\/span> <span class=\"elementor-countdown-label\">Tage<\/span><\/div><div class=\"elementor-countdown-item\"><span class=\"elementor-countdown-digits elementor-countdown-hours\"><\/span> <span class=\"elementor-countdown-label\">Stunden<\/span><\/div><div class=\"elementor-countdown-item\"><span class=\"elementor-countdown-digits elementor-countdown-minutes\"><\/span> <span class=\"elementor-countdown-label\">Minuten<\/span><\/div><div class=\"elementor-countdown-item\"><span class=\"elementor-countdown-digits elementor-countdown-seconds\"><\/span> <span class=\"elementor-countdown-label\">Sekunden<\/span><\/div>\t\t<\/div>\n\t\t\t\t\t\t<\/div>\n\t\t\t\t<\/div>\n\t\t\t\t<div class=\"elementor-element elementor-element-93432ab elementor-widget elementor-widget-text-editor\" data-id=\"93432ab\" data-element_type=\"widget\" data-e-type=\"widget\" data-widget_type=\"text-editor.default\">\n\t\t\t\t<div class=\"elementor-widget-container\">\n\t\t\t\t\t\t\t\t\t<p>Unsere fruchtig frischen Getr\u00e4nkekonzentrate k\u00f6nnen Sie nat\u00fcrlich ganz einfach und wie gewohnt bestellen:<\/p>\t\t\t\t\t\t\t\t<\/div>\n\t\t\t\t<\/div>\n\t\t\t\t<div class=\"elementor-element elementor-element-9b5e5ec elementor-align-left elementor-widget elementor-widget-button\" data-id=\"9b5e5ec\" data-element_type=\"widget\" data-e-type=\"widget\" data-widget_type=\"button.default\">\n\t\t\t\t<div class=\"elementor-widget-container\">\n\t\t\t\t\t\t\t\t\t<div class=\"elementor-button-wrapper\">\n\t\t\t\t\t<a class=\"elementor-button elementor-button-link elementor-size-md elementor-animation-grow\" href=\"https:\/\/oranka.com\/download\/de\/WJ-GmbH-Fax-Bestellung-141-DE.pdf\" target=\"_blank\">\n\t\t\t\t\t\t<span class=\"elementor-button-content-wrapper\">\n\t\t\t\t\t\t\t\t\t<span class=\"elementor-button-text\">Jetzt hier Konzentrate bestellen [PDF]<\/span>\n\t\t\t\t\t<\/span>\n\t\t\t\t\t<\/a>\n\t\t\t\t<\/div>\n\t\t\t\t\t\t\t\t<\/div>\n\t\t\t\t<\/div>\n\t\t\t\t<div class=\"elementor-element elementor-element-5090d7b elementor-widget elementor-widget-spacer\" data-id=\"5090d7b\" data-element_type=\"widget\" data-e-type=\"widget\" data-widget_type=\"spacer.default\">\n\t\t\t\t<div class=\"elementor-widget-container\">\n\t\t\t\t\t\t\t<div class=\"elementor-spacer\">\n\t\t\t<div class=\"elementor-spacer-inner\"><\/div>\n\t\t<\/div>\n\t\t\t\t\t\t<\/div>\n\t\t\t\t<\/div>\n\t\t\t\t\t<\/div>\n\t\t<\/div>\n\t\t\t\t<div class=\"elementor-column elementor-col-50 elementor-top-column elementor-element elementor-element-938eb6c\" data-id=\"938eb6c\" data-element_type=\"column\" data-e-type=\"column\">\n\t\t\t<div class=\"elementor-widget-wrap elementor-element-populated\">\n\t\t\t\t\t\t<div class=\"elementor-element elementor-element-6ec6460 elementor-widget elementor-widget-image\" data-id=\"6ec6460\" data-element_type=\"widget\" data-e-type=\"widget\" data-widget_type=\"image.default\">\n\t\t\t\t<div class=\"elementor-widget-container\">\n\t\t\t\t\t\t\t\t\t\t\t\t\t\t\t<img fetchpriority=\"high\" decoding=\"async\" width=\"800\" height=\"976\" src=\"https:\/\/oranka.com\/wp-content\/uploads\/2022\/06\/Oranka_Dispenser_Exclusiv-plus_LED_Fruchtbild_Schatten-839x1024.png\" class=\"attachment-large size-large wp-image-1522\" alt=\"\" srcset=\"https:\/\/oranka.com\/wp-content\/uploads\/2022\/06\/Oranka_Dispenser_Exclusiv-plus_LED_Fruchtbild_Schatten-839x1024.png 839w, https:\/\/oranka.com\/wp-content\/uploads\/2022\/06\/Oranka_Dispenser_Exclusiv-plus_LED_Fruchtbild_Schatten-246x300.png 246w, https:\/\/oranka.com\/wp-content\/uploads\/2022\/06\/Oranka_Dispenser_Exclusiv-plus_LED_Fruchtbild_Schatten-768x937.png 768w, https:\/\/oranka.com\/wp-content\/uploads\/2022\/06\/Oranka_Dispenser_Exclusiv-plus_LED_Fruchtbild_Schatten-1259x1536.png 1259w, https:\/\/oranka.com\/wp-content\/uploads\/2022\/06\/Oranka_Dispenser_Exclusiv-plus_LED_Fruchtbild_Schatten-10x12.png 10w, https:\/\/oranka.com\/wp-content\/uploads\/2022\/06\/Oranka_Dispenser_Exclusiv-plus_LED_Fruchtbild_Schatten.png 1573w\" sizes=\"(max-width: 800px) 100vw, 800px\" \/>\t\t\t\t\t\t\t\t\t\t\t\t\t\t\t<\/div>\n\t\t\t\t<\/div>\n\t\t\t\t\t<\/div>\n\t\t<\/div>\n\t\t\t\t\t<\/div>\n\t\t<\/section>\n\t\t\t\t<section class=\"elementor-section elementor-top-section elementor-element elementor-element-0165c0b elementor-section-boxed elementor-section-height-default elementor-section-height-default\" data-id=\"0165c0b\" data-element_type=\"section\" data-e-type=\"section\">\n\t\t\t\t\t\t<div class=\"elementor-container elementor-column-gap-default\">\n\t\t\t\t\t<div class=\"elementor-column elementor-col-100 elementor-top-column elementor-element elementor-element-e0f5b01\" data-id=\"e0f5b01\" data-element_type=\"column\" data-e-type=\"column\">\n\t\t\t<div class=\"elementor-widget-wrap elementor-element-populated\">\n\t\t\t\t\t\t<div class=\"elementor-element elementor-element-8e2dd40 elementor-widget elementor-widget-text-editor\" data-id=\"8e2dd40\" data-element_type=\"widget\" data-e-type=\"widget\" data-widget_type=\"text-editor.default\">\n\t\t\t\t<div class=\"elementor-widget-container\">\n\t\t\t\t\t\t\t\t\t<h3>Wolfgang Jobmann GmbH<\/h3><p>Gutenbergstra\u00dfe 10\/12,\u00a021465 Reinbek,\u00a0Deutschland<\/p><p>Telefon +49 (0)40 722 6066,\u00a0Telefax +49 (0)40 722 9442,\u00a0info@wolfgangjobmann.de<\/p><p>Gesch\u00e4ftsf\u00fchrer: Dr. Christian Jobmann, Bj\u00f6rn Scherhans, Holger Schmidt<\/p><p>HR Hamburg, HRB 54982,\u00a0USt-ID-Nr.: DE 164981473<\/p>\t\t\t\t\t\t\t\t<\/div>\n\t\t\t\t<\/div>\n\t\t\t\t\t<\/div>\n\t\t<\/div>\n\t\t\t\t\t<\/div>\n\t\t<\/section>\n\t\t\t\t<\/div>\n\t\t","protected":false},"excerpt":{"rendered":"<p>Wir machen gerade ein Update. Seien Sie gespannt! Tage Stunden Minuten Sekunden Unsere fruchtig frischen Getr\u00e4nkekonzentrate k\u00f6nnen Sie nat\u00fcrlich ganz einfach und wie gewohnt bestellen: Jetzt hier Konzentrate bestellen [PDF] Wolfgang Jobmann GmbH Gutenbergstra\u00dfe 10\/12,\u00a021465 Reinbek,\u00a0Deutschland Telefon +49 (0)40 722 6066,\u00a0Telefax +49 (0)40 722 9442,\u00a0info@wolfgangjobmann.de Gesch\u00e4ftsf\u00fchrer: Dr. Christian Jobmann, Bj\u00f6rn Scherhans, Holger Schmidt HR Hamburg, [&hellip;]<\/p>\n","protected":false},"author":1,"featured_media":0,"parent":0,"menu_order":0,"comment_status":"closed","ping_status":"closed","template":"elementor_canvas","meta":{"inline_featured_image":false,"footnotes":""},"class_list":["post-6269","page","type-page","status-publish","hentry"],"yoast_head":"<!-- This site is optimized with the Yoast SEO plugin v27.2 - https:\/\/yoast.com\/product\/yoast-seo-wordpress\/ -->\n<title>Wartung - ORANKA Fruchtgetr\u00e4nkekonzentrate<\/title>\n<meta name=\"robots\" content=\"index, follow, max-snippet:-1, max-image-preview:large, max-video-preview:-1\" \/>\n<link rel=\"canonical\" href=\"https:\/\/oranka.com\/en\/wartung\/\" \/>\n<meta property=\"og:locale\" content=\"en_GB\" \/>\n<meta property=\"og:type\" content=\"article\" \/>\n<meta property=\"og:title\" content=\"Wartung - ORANKA Fruchtgetr\u00e4nkekonzentrate\" \/>\n<meta property=\"og:description\" content=\"Wir machen gerade ein Update. Seien Sie gespannt! Tage Stunden Minuten Sekunden Unsere fruchtig frischen Getr\u00e4nkekonzentrate k\u00f6nnen Sie nat\u00fcrlich ganz einfach und wie gewohnt bestellen: Jetzt hier Konzentrate bestellen [PDF] Wolfgang Jobmann GmbH Gutenbergstra\u00dfe 10\/12,\u00a021465 Reinbek,\u00a0Deutschland Telefon +49 (0)40 722 6066,\u00a0Telefax +49 (0)40 722 9442,\u00a0info@wolfgangjobmann.de Gesch\u00e4ftsf\u00fchrer: Dr. Christian Jobmann, Bj\u00f6rn Scherhans, Holger Schmidt HR Hamburg, [&hellip;]\" \/>\n<meta property=\"og:url\" content=\"https:\/\/oranka.com\/en\/wartung\/\" \/>\n<meta property=\"og:site_name\" content=\"ORANKA Fruchtgetr\u00e4nkekonzentrate\" \/>\n<meta property=\"article:modified_time\" content=\"2022-09-23T19:36:17+00:00\" \/>\n<meta property=\"og:image\" content=\"https:\/\/oranka.com\/wp-content\/uploads\/2022\/06\/Oranka_Dispenser_Exclusiv-plus_LED_Fruchtbild_Schatten-839x1024.png\" \/>\n<meta name=\"twitter:card\" content=\"summary_large_image\" \/>\n<script type=\"application\/ld+json\" class=\"yoast-schema-graph\">{\"@context\":\"https:\/\/schema.org\",\"@graph\":[{\"@type\":\"WebPage\",\"@id\":\"https:\/\/oranka.com\/de\/wartung\/\",\"url\":\"https:\/\/oranka.com\/de\/wartung\/\",\"name\":\"Wartung - ORANKA Fruchtgetr\u00e4nkekonzentrate\",\"isPartOf\":{\"@id\":\"https:\/\/oranka.com\/de\/#website\"},\"primaryImageOfPage\":{\"@id\":\"https:\/\/oranka.com\/de\/wartung\/#primaryimage\"},\"image\":{\"@id\":\"https:\/\/oranka.com\/de\/wartung\/#primaryimage\"},\"thumbnailUrl\":\"https:\/\/oranka.com\/wp-content\/uploads\/2022\/06\/Oranka_Dispenser_Exclusiv-plus_LED_Fruchtbild_Schatten-839x1024.png\",\"datePublished\":\"2022-09-23T12:28:00+00:00\",\"dateModified\":\"2022-09-23T19:36:17+00:00\",\"breadcrumb\":{\"@id\":\"https:\/\/oranka.com\/de\/wartung\/#breadcrumb\"},\"inLanguage\":\"en-GB\",\"potentialAction\":[{\"@type\":\"ReadAction\",\"target\":[\"https:\/\/oranka.com\/de\/wartung\/\"]}]},{\"@type\":\"ImageObject\",\"inLanguage\":\"en-GB\",\"@id\":\"https:\/\/oranka.com\/de\/wartung\/#primaryimage\",\"url\":\"https:\/\/oranka.com\/wp-content\/uploads\/2022\/06\/Oranka_Dispenser_Exclusiv-plus_LED_Fruchtbild_Schatten-839x1024.png\",\"contentUrl\":\"https:\/\/oranka.com\/wp-content\/uploads\/2022\/06\/Oranka_Dispenser_Exclusiv-plus_LED_Fruchtbild_Schatten-839x1024.png\"},{\"@type\":\"BreadcrumbList\",\"@id\":\"https:\/\/oranka.com\/de\/wartung\/#breadcrumb\",\"itemListElement\":[{\"@type\":\"ListItem\",\"position\":1,\"name\":\"Startseite\",\"item\":\"https:\/\/oranka.com\/de\/\"},{\"@type\":\"ListItem\",\"position\":2,\"name\":\"Wartung\"}]},{\"@type\":\"WebSite\",\"@id\":\"https:\/\/oranka.com\/de\/#website\",\"url\":\"https:\/\/oranka.com\/de\/\",\"name\":\"ORANKA Fruchtgetr\u00e4nkekonzentrate\",\"description\":\"Markenqualit\u00e4t im Getr\u00e4nkesystem\",\"publisher\":{\"@id\":\"https:\/\/oranka.com\/de\/#organization\"},\"potentialAction\":[{\"@type\":\"SearchAction\",\"target\":{\"@type\":\"EntryPoint\",\"urlTemplate\":\"https:\/\/oranka.com\/de\/?s={search_term_string}\"},\"query-input\":{\"@type\":\"PropertyValueSpecification\",\"valueRequired\":true,\"valueName\":\"search_term_string\"}}],\"inLanguage\":\"en-GB\"},{\"@type\":\"Organization\",\"@id\":\"https:\/\/oranka.com\/de\/#organization\",\"name\":\"ORANKA Fruchtgetr\u00e4nkekonzentrate\",\"url\":\"https:\/\/oranka.com\/de\/\",\"logo\":{\"@type\":\"ImageObject\",\"inLanguage\":\"en-GB\",\"@id\":\"https:\/\/oranka.com\/de\/#\/schema\/logo\/image\/\",\"url\":\"https:\/\/oranka.com\/wp-content\/uploads\/2025\/09\/ORANKA-Logo_2025-Korona.svg\",\"contentUrl\":\"https:\/\/oranka.com\/wp-content\/uploads\/2025\/09\/ORANKA-Logo_2025-Korona.svg\",\"width\":249,\"height\":141,\"caption\":\"ORANKA Fruchtgetr\u00e4nkekonzentrate\"},\"image\":{\"@id\":\"https:\/\/oranka.com\/de\/#\/schema\/logo\/image\/\"}}]}<\/script>\n<!-- \/ Yoast SEO plugin. -->","yoast_head_json":{"title":"Wartung - ORANKA Fruchtgetr\u00e4nkekonzentrate","robots":{"index":"index","follow":"follow","max-snippet":"max-snippet:-1","max-image-preview":"max-image-preview:large","max-video-preview":"max-video-preview:-1"},"canonical":"https:\/\/oranka.com\/en\/wartung\/","og_locale":"en_GB","og_type":"article","og_title":"Wartung - ORANKA Fruchtgetr\u00e4nkekonzentrate","og_description":"Wir machen gerade ein Update. Seien Sie gespannt! Tage Stunden Minuten Sekunden Unsere fruchtig frischen Getr\u00e4nkekonzentrate k\u00f6nnen Sie nat\u00fcrlich ganz einfach und wie gewohnt bestellen: Jetzt hier Konzentrate bestellen [PDF] Wolfgang Jobmann GmbH Gutenbergstra\u00dfe 10\/12,\u00a021465 Reinbek,\u00a0Deutschland Telefon +49 (0)40 722 6066,\u00a0Telefax +49 (0)40 722 9442,\u00a0info@wolfgangjobmann.de Gesch\u00e4ftsf\u00fchrer: Dr. Christian Jobmann, Bj\u00f6rn Scherhans, Holger Schmidt HR Hamburg, [&hellip;]","og_url":"https:\/\/oranka.com\/en\/wartung\/","og_site_name":"ORANKA Fruchtgetr\u00e4nkekonzentrate","article_modified_time":"2022-09-23T19:36:17+00:00","og_image":[{"url":"https:\/\/oranka.com\/wp-content\/uploads\/2022\/06\/Oranka_Dispenser_Exclusiv-plus_LED_Fruchtbild_Schatten-839x1024.png","type":"","width":"","height":""}],"twitter_card":"summary_large_image","schema":{"@context":"https:\/\/schema.org","@graph":[{"@type":"WebPage","@id":"https:\/\/oranka.com\/de\/wartung\/","url":"https:\/\/oranka.com\/de\/wartung\/","name":"Wartung - ORANKA Fruchtgetr\u00e4nkekonzentrate","isPartOf":{"@id":"https:\/\/oranka.com\/de\/#website"},"primaryImageOfPage":{"@id":"https:\/\/oranka.com\/de\/wartung\/#primaryimage"},"image":{"@id":"https:\/\/oranka.com\/de\/wartung\/#primaryimage"},"thumbnailUrl":"https:\/\/oranka.com\/wp-content\/uploads\/2022\/06\/Oranka_Dispenser_Exclusiv-plus_LED_Fruchtbild_Schatten-839x1024.png","datePublished":"2022-09-23T12:28:00+00:00","dateModified":"2022-09-23T19:36:17+00:00","breadcrumb":{"@id":"https:\/\/oranka.com\/de\/wartung\/#breadcrumb"},"inLanguage":"en-GB","potentialAction":[{"@type":"ReadAction","target":["https:\/\/oranka.com\/de\/wartung\/"]}]},{"@type":"ImageObject","inLanguage":"en-GB","@id":"https:\/\/oranka.com\/de\/wartung\/#primaryimage","url":"https:\/\/oranka.com\/wp-content\/uploads\/2022\/06\/Oranka_Dispenser_Exclusiv-plus_LED_Fruchtbild_Schatten-839x1024.png","contentUrl":"https:\/\/oranka.com\/wp-content\/uploads\/2022\/06\/Oranka_Dispenser_Exclusiv-plus_LED_Fruchtbild_Schatten-839x1024.png"},{"@type":"BreadcrumbList","@id":"https:\/\/oranka.com\/de\/wartung\/#breadcrumb","itemListElement":[{"@type":"ListItem","position":1,"name":"Startseite","item":"https:\/\/oranka.com\/de\/"},{"@type":"ListItem","position":2,"name":"Wartung"}]},{"@type":"WebSite","@id":"https:\/\/oranka.com\/de\/#website","url":"https:\/\/oranka.com\/de\/","name":"ORANKA fruit drink concentrates","description":"Brand quality<br> in a beverage system","publisher":{"@id":"https:\/\/oranka.com\/de\/#organization"},"potentialAction":[{"@type":"SearchAction","target":{"@type":"EntryPoint","urlTemplate":"https:\/\/oranka.com\/de\/?s={search_term_string}"},"query-input":{"@type":"PropertyValueSpecification","valueRequired":true,"valueName":"search_term_string"}}],"inLanguage":"en-GB"},{"@type":"Organization","@id":"https:\/\/oranka.com\/de\/#organization","name":"ORANKA fruit drink concentrates","url":"https:\/\/oranka.com\/de\/","logo":{"@type":"ImageObject","inLanguage":"en-GB","@id":"https:\/\/oranka.com\/de\/#\/schema\/logo\/image\/","url":"https:\/\/oranka.com\/wp-content\/uploads\/2025\/09\/ORANKA-Logo_2025-Korona.svg","contentUrl":"https:\/\/oranka.com\/wp-content\/uploads\/2025\/09\/ORANKA-Logo_2025-Korona.svg","width":249,"height":141,"caption":"ORANKA Fruchtgetr\u00e4nkekonzentrate"},"image":{"@id":"https:\/\/oranka.com\/de\/#\/schema\/logo\/image\/"}}]}},"_links":{"self":[{"href":"https:\/\/oranka.com\/en\/wp-json\/wp\/v2\/pages\/6269","targetHints":{"allow":["GET"]}}],"collection":[{"href":"https:\/\/oranka.com\/en\/wp-json\/wp\/v2\/pages"}],"about":[{"href":"https:\/\/oranka.com\/en\/wp-json\/wp\/v2\/types\/page"}],"author":[{"embeddable":true,"href":"https:\/\/oranka.com\/en\/wp-json\/wp\/v2\/users\/1"}],"replies":[{"embeddable":true,"href":"https:\/\/oranka.com\/en\/wp-json\/wp\/v2\/comments?post=6269"}],"version-history":[{"count":33,"href":"https:\/\/oranka.com\/en\/wp-json\/wp\/v2\/pages\/6269\/revisions"}],"predecessor-version":[{"id":6351,"href":"https:\/\/oranka.com\/en\/wp-json\/wp\/v2\/pages\/6269\/revisions\/6351"}],"wp:attachment":[{"href":"https:\/\/oranka.com\/en\/wp-json\/wp\/v2\/media?parent=6269"}],"curies":[{"name":"wp","href":"https:\/\/api.w.org\/{rel}","templated":true}]}}